{"id":153,"date":"2025-01-29T08:50:32","date_gmt":"2025-01-29T07:50:32","guid":{"rendered":"http:\/\/pidreams.de\/cms\/?page_id=153"},"modified":"2025-11-17T17:30:55","modified_gmt":"2025-11-17T16:30:55","slug":"aktuelle-projekte","status":"publish","type":"page","link":"https:\/\/pidreams.de\/","title":{"rendered":"aktuelle Projekte"},"content":{"rendered":"\n<div class=\"wp-block-columns is-layout-flex wp-container-core-columns-is-layout-9d6595d7 wp-block-columns-is-layout-flex\">\n<div class=\"wp-block-column is-layout-flow wp-block-column-is-layout-flow\">\n<figure class=\"wp-block-image size-full\"><img loading=\"lazy\" decoding=\"async\" width=\"400\" height=\"225\" src=\"https:\/\/pidreams.de\/wp-content\/uploads\/2025\/11\/blut.jpg\" alt=\"\" class=\"wp-image-359\"\/><figcaption class=\"wp-element-caption\">3D-Grafik und Animation, &#8222;Mysteri\u00f6se Kriminalf\u00e4lle&#8220;, ZDF<\/figcaption><\/figure>\n<\/div>\n\n\n\n<div class=\"wp-block-column is-layout-flow wp-block-column-is-layout-flow\">\n<figure class=\"wp-block-image size-full\"><img loading=\"lazy\" decoding=\"async\" width=\"400\" height=\"225\" src=\"https:\/\/pidreams.de\/wp-content\/uploads\/2025\/02\/funkhaus.jpg\" alt=\"\" class=\"wp-image-292\"\/><figcaption class=\"wp-element-caption\">Zeichentrickfilm f\u00fcr TV-Spot<\/figcaption><\/figure>\n<\/div>\n\n\n\n<div class=\"wp-block-column is-layout-flow wp-block-column-is-layout-flow\">\n<figure class=\"wp-block-image size-full\"><img loading=\"lazy\" decoding=\"async\" width=\"400\" height=\"225\" src=\"https:\/\/pidreams.de\/wp-content\/uploads\/2025\/02\/pharma.jpg\" alt=\"\" class=\"wp-image-296\"\/><figcaption class=\"wp-element-caption\">Graphic Novel f\u00fcr die Sendung FAKT, ARD<\/figcaption><\/figure>\n<\/div>\n<\/div>\n\n\n\n<div class=\"wp-block-columns is-layout-flex wp-container-core-columns-is-layout-9d6595d7 wp-block-columns-is-layout-flex\">\n<div class=\"wp-block-column is-layout-flow wp-block-column-is-layout-flow\">\n<figure class=\"wp-block-image size-full\"><img loading=\"lazy\" decoding=\"async\" width=\"400\" height=\"225\" src=\"https:\/\/pidreams.de\/wp-content\/uploads\/2025\/02\/zug.jpg\" alt=\"\" class=\"wp-image-302\"\/><figcaption class=\"wp-element-caption\">3D-Grafik und Animation, &#8222;Die gr\u00f6\u00dften Ungl\u00fccke&#8220;, ZDF<\/figcaption><\/figure>\n<\/div>\n\n\n\n<div class=\"wp-block-column is-layout-flow wp-block-column-is-layout-flow\">\n<figure class=\"wp-block-image size-full\"><img loading=\"lazy\" decoding=\"async\" width=\"400\" height=\"225\" src=\"https:\/\/pidreams.de\/wp-content\/uploads\/2025\/02\/regal.jpg\" alt=\"\" class=\"wp-image-297\"\/><figcaption class=\"wp-element-caption\">Grafik und Animation f\u00fcr Sendung &#8222;45 Minuten&#8220;, NDR<\/figcaption><\/figure>\n<\/div>\n\n\n\n<div class=\"wp-block-column is-layout-flow wp-block-column-is-layout-flow\">\n<figure class=\"wp-block-image size-full\"><img loading=\"lazy\" decoding=\"async\" width=\"400\" height=\"225\" src=\"https:\/\/pidreams.de\/wp-content\/uploads\/2025\/02\/soldat.jpg\" alt=\"\" class=\"wp-image-298\"\/><figcaption class=\"wp-element-caption\">Graphic Novel f\u00fcr Sendung exakt, mdr<\/figcaption><\/figure>\n<\/div>\n<\/div>\n\n\n\n<ul class=\"wp-block-list\">\n<li><\/li>\n<\/ul>\n\n\n\n<p><\/p>\n","protected":false},"excerpt":{"rendered":"","protected":false},"author":2,"featured_media":0,"parent":0,"menu_order":0,"comment_status":"closed","ping_status":"closed","template":"","meta":{"footnotes":""},"class_list":["post-153","page","type-page","status-publish","hentry"],"_links":{"self":[{"href":"https:\/\/pidreams.de\/index.php?rest_route=\/wp\/v2\/pages\/153","targetHints":{"allow":["GET"]}}],"collection":[{"href":"https:\/\/pidreams.de\/index.php?rest_route=\/wp\/v2\/pages"}],"about":[{"href":"https:\/\/pidreams.de\/index.php?rest_route=\/wp\/v2\/types\/page"}],"author":[{"embeddable":true,"href":"https:\/\/pidreams.de\/index.php?rest_route=\/wp\/v2\/users\/2"}],"replies":[{"embeddable":true,"href":"https:\/\/pidreams.de\/index.php?rest_route=%2Fwp%2Fv2%2Fcomments&post=153"}],"version-history":[{"count":23,"href":"https:\/\/pidreams.de\/index.php?rest_route=\/wp\/v2\/pages\/153\/revisions"}],"predecessor-version":[{"id":361,"href":"https:\/\/pidreams.de\/index.php?rest_route=\/wp\/v2\/pages\/153\/revisions\/361"}],"wp:attachment":[{"href":"https:\/\/pidreams.de\/index.php?rest_route=%2Fwp%2Fv2%2Fmedia&parent=153"}],"curies":[{"name":"wp","href":"https:\/\/api.w.org\/{rel}","templated":true}]}}