{"id":159,"date":"2025-01-29T10:00:18","date_gmt":"2025-01-29T09:00:18","guid":{"rendered":"http:\/\/pidreams.de\/cms\/?page_id=159"},"modified":"2025-02-07T09:55:46","modified_gmt":"2025-02-07T08:55:46","slug":"referenzen","status":"publish","type":"page","link":"https:\/\/pidreams.de\/?page_id=159","title":{"rendered":"Referenzen"},"content":{"rendered":"\n<div class=\"wp-block-columns is-layout-flex wp-container-core-columns-is-layout-9d6595d7 wp-block-columns-is-layout-flex\">\n<div class=\"wp-block-column is-layout-flow wp-block-column-is-layout-flow\" style=\"flex-basis:100%\">\n<figure class=\"wp-block-table is-style-stripes\"><table class=\"has-fixed-layout\"><tbody><tr><td>2010<\/td><td>Trickfilmsequenzen f\u00fcr 40 Folgen &#8222;Wortschatz DDR&#8220;, MDR<\/td><\/tr><tr><td>2010 &#8211; 2013<\/td><td>&#8222;Exakt in Zahlen&#8220;, ca. 53 Animationsbeitr\u00e4ge, MDR (2011 gab es daf\u00fcr den Publikumspreis)<\/td><\/tr><tr><td>2011 &#8211; 2018<\/td><td>Grafiken und 3D Animation f\u00fcr verschiedene Folgen Magazin &#8222;ECHT&#8220;, MDR<\/td><\/tr><tr><td>2013 &#8211; 2016<\/td><td>ca. 32 Animationsbeitr\u00e4ge&#8220;Exakt in so geht das&#8220;, MDR<\/td><\/tr><tr><td>2015 &#8211; 2019<\/td><td>Grafiken und Animation f\u00fcr &#8222;Exakt die Story&#8220;, MDR<\/td><\/tr><tr><td>2016<\/td><td>12 Folgen Zeichentrickfilmserie &#8222;Monika H\u00e4uschen&#8220;, Universal Musik<\/td><\/tr><tr><td>2017 &#8211; 2022<\/td><td>verschiedene 3D Animationen, Industrievisualisierung, Aarsleff<\/td><\/tr><tr><td>2019<\/td><td>Graphic Novel und Animation f\u00fcr &#8222;Die gr\u00f6\u00dften Kriminalf\u00e4lle&#8220;, ZDFinfo<\/td><\/tr><tr><td>2019 &#8211; 2021<\/td><td>Grafiken und Trickfilm f\u00fcr &#8222;B\u00f6ttcher schafft das&#8220;, MDR<\/td><\/tr><tr><td>2020<\/td><td>Graphic Novel und Animation f\u00fcr &#8222;Die gr\u00f6\u00dften Katastrophen&#8220;, ZDFinfo<\/td><\/tr><tr><td>2022<\/td><td>3D Animation f\u00fcr Sendung &#8222;Ausgestrahlt&#8220;, NDR<\/td><\/tr><tr><td>2024<\/td><td>Trickfilmproduktion &#8222;Funkhausm\u00e4nnchen&#8220; f\u00fcr TV-Werbespot<\/td><\/tr><tr><td>2024<\/td><td>Grafik und Keying f\u00fcr &#8222;Crim Time&#8220;, ARD<\/td><\/tr><tr><td>2024<\/td><td>3D Animation f\u00fcr Sendung &#8222;Dickes Deutschland&#8220;, NDR<\/td><\/tr><tr><td>2024<\/td><td>Graphic Novel, Fakt-Pharmaskandal, ARD<\/td><\/tr><tr><td>2025<\/td><td>3D Animation und Grafik, &#8222;Die gr\u00f6\u00dften Katastrophen&#8220;, ZDFinfo<\/td><\/tr><tr><td>seit 2016<\/td><td>regelm\u00e4\u00dfig Grafiken und Animation f\u00fcr FAKT, Exakt und Exactly<\/td><\/tr><\/tbody><\/table><\/figure>\n<\/div>\n<\/div>\n","protected":false},"excerpt":{"rendered":"<p>2010 Trickfilmsequenzen f\u00fcr 40 Folgen &#8222;Wortschatz DDR&#8220;, MDR 2010 &#8211; 2013 &#8222;Exakt in Zahlen&#8220;, ca. 53 Animationsbeitr\u00e4ge, MDR (2011 gab es daf\u00fcr den Publikumspreis) 2011<\/p>\n","protected":false},"author":2,"featured_media":0,"parent":0,"menu_order":0,"comment_status":"closed","ping_status":"closed","template":"","meta":{"footnotes":""},"class_list":["post-159","page","type-page","status-publish","hentry"],"_links":{"self":[{"href":"https:\/\/pidreams.de\/index.php?rest_route=\/wp\/v2\/pages\/159","targetHints":{"allow":["GET"]}}],"collection":[{"href":"https:\/\/pidreams.de\/index.php?rest_route=\/wp\/v2\/pages"}],"about":[{"href":"https:\/\/pidreams.de\/index.php?rest_route=\/wp\/v2\/types\/page"}],"author":[{"embeddable":true,"href":"https:\/\/pidreams.de\/index.php?rest_route=\/wp\/v2\/users\/2"}],"replies":[{"embeddable":true,"href":"https:\/\/pidreams.de\/index.php?rest_route=%2Fwp%2Fv2%2Fcomments&post=159"}],"version-history":[{"count":10,"href":"https:\/\/pidreams.de\/index.php?rest_route=\/wp\/v2\/pages\/159\/revisions"}],"predecessor-version":[{"id":345,"href":"https:\/\/pidreams.de\/index.php?rest_route=\/wp\/v2\/pages\/159\/revisions\/345"}],"wp:attachment":[{"href":"https:\/\/pidreams.de\/index.php?rest_route=%2Fwp%2Fv2%2Fmedia&parent=159"}],"curies":[{"name":"wp","href":"https:\/\/api.w.org\/{rel}","templated":true}]}}