{"id":161,"date":"2025-01-29T10:00:18","date_gmt":"2025-01-29T09:00:18","guid":{"rendered":"http:\/\/pidreams.de\/cms\/?page_id=161"},"modified":"2025-02-05T20:47:00","modified_gmt":"2025-02-05T19:47:00","slug":"trickfilm-und-animation","status":"publish","type":"page","link":"https:\/\/pidreams.de\/?page_id=161","title":{"rendered":"Trickfilm und Animation"},"content":{"rendered":"\n<p>Die Dom\u00e4ne von PiDREAMS sind Grafikdesign, 3D-Animation und Zeichentrickfilm. F\u00fcr zahlreiche Serien und TV-Magazine produzieren wir Grafiken und Animationen. Neben TV-Sendern geh\u00f6ren Forschung, Industrie und Werbung zu unserem Einsatzgebiet.<\/p>\n\n\n\n<p>Das Leistungsangebot erstreckt sich vom Entwickeln der Storyboards bis zum fertig vertonten Film.<\/p>\n\n\n\n<p>Unser <a href=\"https:\/\/pidreams.de\/?page_id=157\" data-type=\"page\" data-id=\"157\">Showreel<\/a> gibt Ihnen einen kurzen Zusammenschnitt aus verschiedenen Produktionen.<\/p>\n\n\n\n<p><\/p>\n","protected":false},"excerpt":{"rendered":"<p>Die Dom\u00e4ne von PiDREAMS sind Grafikdesign, 3D-Animation und Zeichentrickfilm. F\u00fcr zahlreiche Serien und TV-Magazine produzieren wir Grafiken und Animationen. Neben TV-Sendern geh\u00f6ren Forschung, Industrie und<\/p>\n","protected":false},"author":2,"featured_media":0,"parent":0,"menu_order":0,"comment_status":"closed","ping_status":"closed","template":"","meta":{"footnotes":""},"class_list":["post-161","page","type-page","status-publish","hentry"],"_links":{"self":[{"href":"https:\/\/pidreams.de\/index.php?rest_route=\/wp\/v2\/pages\/161","targetHints":{"allow":["GET"]}}],"collection":[{"href":"https:\/\/pidreams.de\/index.php?rest_route=\/wp\/v2\/pages"}],"about":[{"href":"https:\/\/pidreams.de\/index.php?rest_route=\/wp\/v2\/types\/page"}],"author":[{"embeddable":true,"href":"https:\/\/pidreams.de\/index.php?rest_route=\/wp\/v2\/users\/2"}],"replies":[{"embeddable":true,"href":"https:\/\/pidreams.de\/index.php?rest_route=%2Fwp%2Fv2%2Fcomments&post=161"}],"version-history":[{"count":5,"href":"https:\/\/pidreams.de\/index.php?rest_route=\/wp\/v2\/pages\/161\/revisions"}],"predecessor-version":[{"id":316,"href":"https:\/\/pidreams.de\/index.php?rest_route=\/wp\/v2\/pages\/161\/revisions\/316"}],"wp:attachment":[{"href":"https:\/\/pidreams.de\/index.php?rest_route=%2Fwp%2Fv2%2Fmedia&parent=161"}],"curies":[{"name":"wp","href":"https:\/\/api.w.org\/{rel}","templated":true}]}}