{"id":162,"date":"2025-01-29T10:00:18","date_gmt":"2025-01-29T09:00:18","guid":{"rendered":"http:\/\/pidreams.de\/cms\/?page_id=162"},"modified":"2025-02-02T11:50:13","modified_gmt":"2025-02-02T10:50:13","slug":"filmproduktion","status":"publish","type":"page","link":"https:\/\/pidreams.de\/?page_id=162","title":{"rendered":"Filmproduktion"},"content":{"rendered":"\n<p>Angefangen von der Konzeption und den Drehb\u00fcchern bis hin zu den Dreharbeiten k\u00fcmmern wir uns um Ihre Produktionen. Unsere Einsatzgebiete sind TV-Beitr\u00e4ge, Industriefilm, Werbung, Imagefilm und Filmdokumentationen.<\/p>\n","protected":false},"excerpt":{"rendered":"<p>Angefangen von der Konzeption und den Drehb\u00fcchern bis hin zu den Dreharbeiten k\u00fcmmern wir uns um Ihre Produktionen. Unsere Einsatzgebiete sind TV-Beitr\u00e4ge, Industriefilm, Werbung, Imagefilm<\/p>\n","protected":false},"author":2,"featured_media":0,"parent":0,"menu_order":0,"comment_status":"closed","ping_status":"closed","template":"","meta":{"footnotes":""},"class_list":["post-162","page","type-page","status-publish","hentry"],"_links":{"self":[{"href":"https:\/\/pidreams.de\/index.php?rest_route=\/wp\/v2\/pages\/162","targetHints":{"allow":["GET"]}}],"collection":[{"href":"https:\/\/pidreams.de\/index.php?rest_route=\/wp\/v2\/pages"}],"about":[{"href":"https:\/\/pidreams.de\/index.php?rest_route=\/wp\/v2\/types\/page"}],"author":[{"embeddable":true,"href":"https:\/\/pidreams.de\/index.php?rest_route=\/wp\/v2\/users\/2"}],"replies":[{"embeddable":true,"href":"https:\/\/pidreams.de\/index.php?rest_route=%2Fwp%2Fv2%2Fcomments&post=162"}],"version-history":[{"count":2,"href":"https:\/\/pidreams.de\/index.php?rest_route=\/wp\/v2\/pages\/162\/revisions"}],"predecessor-version":[{"id":236,"href":"https:\/\/pidreams.de\/index.php?rest_route=\/wp\/v2\/pages\/162\/revisions\/236"}],"wp:attachment":[{"href":"https:\/\/pidreams.de\/index.php?rest_route=%2Fwp%2Fv2%2Fmedia&parent=162"}],"curies":[{"name":"wp","href":"https:\/\/api.w.org\/{rel}","templated":true}]}}